{"id":95,"date":"2023-09-05T01:28:30","date_gmt":"2023-09-05T01:28:30","guid":{"rendered":"http:\/\/lamnghiepyenson.com.vn\/?page_id=95"},"modified":"2024-04-17T02:06:23","modified_gmt":"2024-04-17T02:06:23","slug":"thong-tin-lien-he","status":"publish","type":"page","link":"http:\/\/lamnghiepyenson.com.vn\/index.php\/thong-tin-lien-he\/","title":{"rendered":"L\u1ecbch s\u1eed h\u00ecnh th\u00e0nh v\u00e0 ph\u00e1t tri\u1ec3n c\u1ee7a C\u00f4ng ty"},"content":{"rendered":"<p><strong>\u00a0<\/strong><strong> * T\u00ean C\u00f4ng ty b\u1eb1ng ti\u1ebfng Vi\u1ec7t:<\/strong><\/p>\n<p>&#8211; T\u00ean \u0111\u1ea7y \u0111\u1ee7: C\u00d4NG TY TR\u00c1CH NHI\u1ec6M H\u1eeeU H\u1ea0N L\u00c2M NGHI\u1ec6P Y\u00caN S\u01a0N.<\/p>\n<p>&#8211; T\u00ean vi\u1ebft t\u1eaft: C\u00d4NG TY TNHH L\u00c2M NGHI\u1ec6P Y\u00caN S\u01a0N.<\/p>\n<p><strong>* T\u00ean C\u00f4ng ty b\u1eb1ng ti\u1ebfng n\u01b0\u1edbc ngo\u00e0i:<\/strong><\/p>\n<p>&#8211; T\u00ean \u0111\u1ea7y \u0111\u1ee7: YENSON FORESTRY COMPANY LIMITED.<\/p>\n<p>&#8211; T\u00ean vi\u1ebft t\u1eaft: YENSON FORESTRY CO.,LTD.<\/p>\n<p><strong>*\u00a0 \u0110\u1ecba ch\u1ec9<\/strong> <strong>tr\u1ee5 s\u1edf ch\u00ednh<\/strong>: Th\u00f4n L\u00e2m S\u01a1n, x\u00e3 Trung S\u01a1n, huy\u1ec7n Y\u00ean S\u01a1n, t\u1ec9nh Tuy\u00ean Quang<\/p>\n<p>&#8211; \u0110i\u1ec7n tho\u1ea1i: 0207.6263.868<\/p>\n<p>&#8211; Email: <a href=\"mailto:ctylnyenson@gmail.com\">ctylnyenson@gmail.com<\/a> \u2013 Website:lamnghiepyenson.com.vn<\/p>\n<p>C\u00f4ng ty TNHH l\u00e2m nghi\u1ec7p Y\u00ean S\u01a1n ti\u1ec1n th\u00e2n l\u00e0 L\u00e2m tr\u01b0\u1eddng Y\u00ean S\u01a1n, \u0111\u01b0\u00ad\u1ee3c th\u00e0nh l\u1eadp th\u00e1ng 3 n\u0103m 1974 .<\/p>\n<p>N\u0103m 1993 UBND t\u1ec9nh Tuy\u00ean Quang c\u00f3 Quy\u1ebft \u0111\u1ecbnh th\u00e0nh l\u1eadp Doanh nghi\u1ec7p Nh\u00e0 n\u01b0\u00ad\u1edbc L\u00e2m tr\u00ad\u01b0\u1eddng Y\u00ean S\u01a1n tr\u1ef1c thu\u1ed9c S\u1edf N\u00f4ng nghi\u1ec7p v\u00e0 ph\u00e1t tri\u1ec3n n\u00f4ng th\u00f4n Tuy\u00ean Quang, \u0111\u1eb7t tr\u1ee5 s\u1edf ch\u00ednh t\u1ea1i th\u00f4n L\u00e2m S\u01a1n, x\u00e3 Trung S\u01a1n, huy\u1ec7n Y\u00ean S\u01a1n, t\u1ec9nh Tuy\u00ean Quang.<\/p>\n<p>N\u0103m 2008 th\u1ef1c hi\u1ec7n Ngh\u1ecb \u0111\u1ecbnh 200\/2004\/N\u0110-CP ng\u00e0y 03\/12\/2004 c\u1ee7a Ch\u00ednh ph\u1ee7 v\u1ec1 s\u1eafp x\u1ebfp, \u0111\u1ed5i m\u1edbi v\u00e0 ph\u00e1t tri\u1ec3n l\u00e2m tr\u00ad\u01b0\u1eddng qu\u1ed1c doanh. C\u00f4ng ty L\u00e2m nghi\u1ec7p Y\u00ean S\u01a1n \u0111\u01b0\u1ee3c chuy\u1ec3n \u0111\u1ed5i t\u1eeb L\u00e2m tr\u01b0\u1eddng Y\u00ean S\u01a1n t\u1ea1i Quy\u1ebft \u0111\u1ecbnh s\u1ed1 116\/Q\u0110-UBND ng\u00e0y 31\/3\/2008 c\u1ee7a UBND t\u1ec9nh Tuy\u00ean Quang.<\/p>\n<p>Th\u1ef1c hi\u1ec7n Ngh\u1ecb \u0111\u1ecbnh s\u1ed1 25\/2010\/N\u0110-CP ng\u00e0y 19\/3\/2010 c\u1ee7a Ch\u00ednh ph\u1ee7 v\u1ec1 chuy\u1ec3n \u0111\u1ed5i C\u00f4ng ty Nh\u00e0 n\u01b0\u00ad\u1edbc th\u00e0nh C\u00f4ng ty TNHH m\u1ed9t th\u00e0nh vi\u00ean v\u00e0 t\u1ed5 ch\u1ee9c qu\u1ea3n l\u00fd C\u00f4ng ty TNHH m\u1ed9t th\u00e0nh vi\u00ean do Nh\u00e0 n\u00ad\u01b0\u1edbc l\u00e0m ch\u1ee7 s\u1edf h\u1eefu. C\u00f4ng ty L\u00e2m nghi\u1ec7p Y\u00ean S\u01a1n chuy\u1ec3n th\u00e0nh C\u00f4ng ty TNHH m\u1ed9t th\u00e0nh vi\u00ean L\u00e2m nghi\u1ec7p Y\u00ean S\u01a1n t\u1ea1i Quy\u1ebft \u0111\u1ecbnh s\u1ed1 179\/Q\u0110-UBND ng\u00e0y 09\/3\/2012 c\u1ee7a UBND t\u1ec9nh Tuy\u00ean Quang.<\/p>\n<p>Th\u1ef1c hi\u1ec7n Ngh\u1ecb \u0111\u1ecbnh s\u1ed1 118\/2012\/N\u0110-CP ng\u00e0y 17\/12\/2014 c\u1ee7a Ch\u00ednh Ph\u1ee7 v\u1ec1 s\u1eafp x\u1ebfp, \u0111\u1ed5i m\u1edbi v\u00e0 ph\u00e1t tri\u1ec3n, n\u00e2ng cao hi\u1ec7u qu\u1ea3 ho\u1ea1t \u0111\u1ed9ng c\u1ee7a C\u00f4ng ty n\u00f4ng, l\u00e2m nghi\u1ec7p, ng\u00e0y 18\/3\/2021 C\u00f4ng ty TNHH l\u00e2m nghi\u1ec7p Y\u00ean S\u01a1n \u0111\u01b0\u1ee3c th\u00e0nh l\u1eadp theo Quy\u1ebft \u0111\u1ecbnh s\u1ed1 1297\/Q\u0110-UBND ng\u00e0y 31\/10\/2018 c\u1ee7a UBND t\u1ec9nh Tuy\u00ean Quang v\u1ec1 vi\u1ec7c ph\u00ea duy\u1ec7t Ph\u01b0\u01a1ng \u00e1n chuy\u1ec3n \u0111\u1ed5i, s\u1eafp x\u1ebfp C\u00f4ng ty TNHH m\u1ed9t th\u00e0nh vi\u00ean l\u00e2m nghi\u1ec7p Y\u00ean S\u01a1n th\u00e0nh C\u00f4ng ty TNHH hai th\u00e0nh vi\u00ean.<\/p>\n<p>Ng\u00e0y 18\/3\/2021 ch\u00ednh th\u1ee9c tr\u1edf th\u00e0nh C\u00f4ng ty TNHH l\u00e2m nghi\u1ec7p Y\u00ean S\u01a1n (th\u00e0nh vi\u00ean th\u1ee9 hai l\u00e0 C\u00f4ng ty c\u1ed5 ph\u1ea7n gi\u1ea5y An H\u00f2a)<\/p>\n<p><strong>* Nhi\u1ec7m v\u1ee5 s\u1ea3n xu\u1ea5t kinh doanh c\u1ee7a C\u00f4ng ty:<\/strong><\/p>\n<p>+ Tr\u1ed3ng r\u1eebng v\u00e0 ch\u0103m s\u00f3c r\u1eebng.<\/p>\n<p>+ \u01af\u01a1m gi\u1ed1ng c\u00e2y l\u00e2m nghi\u1ec7p.<\/p>\n<p>+ Khai th\u00e1c g\u1ed7 c\u00f3 ngu\u1ed3n g\u1ed1c h\u1ee3p ph\u00e1p<\/p>\n<p>+ Ho\u1ea1t \u0111\u1ed9ng d\u1ecbch v\u1ee5 L\u00e2m nghi\u1ec7p.<\/p>\n<p>+ B\u00e1n bu\u00f4n tre, n\u1ee9a, g\u1ed7 c\u00e2y v\u00e0 ch\u1ebf bi\u1ebfn g\u1ed7. C\u00f3 ngu\u1ed3n g\u1ed1c h\u1ee3p ph\u00e1p (tr\u1eeb c\u00e1c lo\u1ea1i g\u1ed7 Nh\u00e0 n\u01b0\u1edbc c\u1ea5m)<\/p>\n<p>+ T\u01b0 v\u1ea5n qu\u1ea3n l\u00fd d\u1ef1 \u00e1n, l\u1eadp d\u1ef1 \u00e1n \u0111\u1ea7u t\u01b0; l\u1eadp d\u1ef1 to\u00e1n c\u00f4ng tr\u00ecnh l\u00e2m sinh (tr\u1ed3ng, ch\u0103m s\u00f3c, b\u1ea3o v\u1ec7 r\u1eebng)<\/p>\n<p>&nbsp;<\/p>\n","protected":false},"excerpt":{"rendered":"<div class=\"mh-excerpt\"><p>\u00a0 * T\u00ean C\u00f4ng ty b\u1eb1ng ti\u1ebfng Vi\u1ec7t: &#8211; T\u00ean \u0111\u1ea7y \u0111\u1ee7: C\u00d4NG TY TR\u00c1CH NHI\u1ec6M H\u1eeeU H\u1ea0N L\u00c2M NGHI\u1ec6P Y\u00caN S\u01a0N. &#8211; T\u00ean vi\u1ebft <a class=\"mh-excerpt-more\" href=\"http:\/\/lamnghiepyenson.com.vn\/index.php\/thong-tin-lien-he\/\" title=\"L\u1ecbch s\u1eed h\u00ecnh th\u00e0nh v\u00e0 ph\u00e1t tri\u1ec3n c\u1ee7a C\u00f4ng ty\">[&#8230;]<\/a><\/p>\n<\/div>","protected":false},"author":1,"featured_media":0,"parent":0,"menu_order":0,"comment_status":"closed","ping_status":"open","template":"","meta":{"footnotes":""},"class_list":["post-95","page","type-page","status-publish","hentry"],"_links":{"self":[{"href":"http:\/\/lamnghiepyenson.com.vn\/index.php\/wp-json\/wp\/v2\/pages\/95","targetHints":{"allow":["GET"]}}],"collection":[{"href":"http:\/\/lamnghiepyenson.com.vn\/index.php\/wp-json\/wp\/v2\/pages"}],"about":[{"href":"http:\/\/lamnghiepyenson.com.vn\/index.php\/wp-json\/wp\/v2\/types\/page"}],"author":[{"embeddable":true,"href":"http:\/\/lamnghiepyenson.com.vn\/index.php\/wp-json\/wp\/v2\/users\/1"}],"replies":[{"embeddable":true,"href":"http:\/\/lamnghiepyenson.com.vn\/index.php\/wp-json\/wp\/v2\/comments?post=95"}],"version-history":[{"count":4,"href":"http:\/\/lamnghiepyenson.com.vn\/index.php\/wp-json\/wp\/v2\/pages\/95\/revisions"}],"predecessor-version":[{"id":799,"href":"http:\/\/lamnghiepyenson.com.vn\/index.php\/wp-json\/wp\/v2\/pages\/95\/revisions\/799"}],"wp:attachment":[{"href":"http:\/\/lamnghiepyenson.com.vn\/index.php\/wp-json\/wp\/v2\/media?parent=95"}],"curies":[{"name":"wp","href":"https:\/\/api.w.org\/{rel}","templated":true}]}}